{"id":415,"date":"2026-02-10T22:16:08","date_gmt":"2026-02-10T22:16:08","guid":{"rendered":"https:\/\/lamartineimoveis.com.br\/?page_id=415"},"modified":"2026-03-13T20:43:41","modified_gmt":"2026-03-13T20:43:41","slug":"privilege","status":"publish","type":"page","link":"https:\/\/lamartineimoveis.com.br\/?page_id=415","title":{"rendered":"Privil\u00e8ge"},"content":{"rendered":"\t\t<div data-elementor-type=\"wp-page\" data-elementor-id=\"415\" class=\"elementor elementor-415\" data-elementor-post-type=\"page\">\n\t\t\t\t<div class=\"elementor-element elementor-element-5353f15 e-flex e-con-boxed e-con e-parent\" data-id=\"5353f15\" data-element_type=\"container\" data-e-type=\"container\" data-settings=\"{&quot;background_background&quot;:&quot;classic&quot;}\">\n\t\t\t\t\t<div class=\"e-con-inner\">\n\t\t<div class=\"elementor-element elementor-element-ee662b5 e-con-full e-flex e-con e-child\" data-id=\"ee662b5\" data-element_type=\"container\" data-e-type=\"container\">\n\t\t\t\t<div class=\"elementor-element elementor-element-49be312 elementor-widget elementor-widget-spacer\" data-id=\"49be312\" data-element_type=\"widget\" data-e-type=\"widget\" data-widget_type=\"spacer.default\">\n\t\t\t\t\t\t\t<div class=\"elementor-spacer\">\n\t\t\t<div class=\"elementor-spacer-inner\"><\/div>\n\t\t<\/div>\n\t\t\t\t\t\t<\/div>\n\t\t\t\t<div class=\"elementor-element elementor-element-67aee96 elementor-widget elementor-widget-image\" data-id=\"67aee96\" data-element_type=\"widget\" data-e-type=\"widget\" data-widget_type=\"image.default\">\n\t\t\t\t\t\t\t\t\t\t\t\t\t\t\t<img decoding=\"async\" width=\"300\" height=\"160\" src=\"https:\/\/lamartineimoveis.com.br\/wp-content\/uploads\/2026\/03\/Lamartine-privilegeBranca-300x160.png\" class=\"attachment-medium size-medium wp-image-855\" alt=\"\" srcset=\"https:\/\/lamartineimoveis.com.br\/wp-content\/uploads\/2026\/03\/Lamartine-privilegeBranca-300x160.png 300w, https:\/\/lamartineimoveis.com.br\/wp-content\/uploads\/2026\/03\/Lamartine-privilegeBranca.png 550w\" sizes=\"(max-width: 300px) 100vw, 300px\" \/>\t\t\t\t\t\t\t\t\t\t\t\t\t\t\t<\/div>\n\t\t\t\t<div class=\"elementor-element elementor-element-849c7e5 elementor-widget elementor-widget-heading\" data-id=\"849c7e5\" data-element_type=\"widget\" data-e-type=\"widget\" data-widget_type=\"heading.default\">\n\t\t\t\t\t<h2 class=\"elementor-heading-title elementor-size-default\">Im\u00f3veis \u00fanicos, \ndecis\u00f5es estrat\u00e9gicas.<\/h2>\t\t\t\t<\/div>\n\t\t\t\t<div class=\"elementor-element elementor-element-f4893da elementor-widget elementor-widget-spacer\" data-id=\"f4893da\" data-element_type=\"widget\" data-e-type=\"widget\" data-widget_type=\"spacer.default\">\n\t\t\t\t\t\t\t<div class=\"elementor-spacer\">\n\t\t\t<div class=\"elementor-spacer-inner\"><\/div>\n\t\t<\/div>\n\t\t\t\t\t\t<\/div>\n\t\t\t\t<div class=\"elementor-element elementor-element-a6fed3c elementor-align-center elementor-widget elementor-widget-button\" data-id=\"a6fed3c\" data-element_type=\"widget\" data-e-type=\"widget\" data-widget_type=\"button.default\">\n\t\t\t\t\t\t\t\t\t\t<a class=\"elementor-button elementor-button-link elementor-size-sm elementor-animation-pulse\" href=\"https:\/\/www.wimoveis.com.br\/imobiliarias\/lamartine-imoveis_10313094?sort=high_price\" target=\"_blank\">\n\t\t\t\t\t\t<span class=\"elementor-button-content-wrapper\">\n\t\t\t\t\t\t<span class=\"elementor-button-icon\">\n\t\t\t\t<svg aria-hidden=\"true\" class=\"e-font-icon-svg e-fas-external-link-alt\" viewBox=\"0 0 512 512\" xmlns=\"http:\/\/www.w3.org\/2000\/svg\"><path d=\"M432,320H400a16,16,0,0,0-16,16V448H64V128H208a16,16,0,0,0,16-16V80a16,16,0,0,0-16-16H48A48,48,0,0,0,0,112V464a48,48,0,0,0,48,48H400a48,48,0,0,0,48-48V336A16,16,0,0,0,432,320ZM488,0h-128c-21.37,0-32.05,25.91-17,41l35.73,35.73L135,320.37a24,24,0,0,0,0,34L157.67,377a24,24,0,0,0,34,0L435.28,133.32,471,169c15,15,41,4.5,41-17V24A24,24,0,0,0,488,0Z\"><\/path><\/svg>\t\t\t<\/span>\n\t\t\t\t\t\t\t\t\t<span class=\"elementor-button-text\">Ver im\u00f3veis<\/span>\n\t\t\t\t\t<\/span>\n\t\t\t\t\t<\/a>\n\t\t\t\t\t\t\t\t<\/div>\n\t\t\t\t<div class=\"elementor-element elementor-element-4f5075a elementor-widget elementor-widget-spacer\" data-id=\"4f5075a\" data-element_type=\"widget\" data-e-type=\"widget\" data-widget_type=\"spacer.default\">\n\t\t\t\t\t\t\t<div class=\"elementor-spacer\">\n\t\t\t<div class=\"elementor-spacer-inner\"><\/div>\n\t\t<\/div>\n\t\t\t\t\t\t<\/div>\n\t\t\t\t<\/div>\n\t\t\t\t\t<\/div>\n\t\t\t\t<\/div>\n\t\t<div class=\"elementor-element elementor-element-ae29318 e-flex e-con-boxed e-con e-parent\" data-id=\"ae29318\" data-element_type=\"container\" data-e-type=\"container\" data-settings=\"{&quot;background_background&quot;:&quot;slideshow&quot;,&quot;background_slideshow_gallery&quot;:[{&quot;id&quot;:1376,&quot;url&quot;:&quot;https:\\\/\\\/lamartineimoveis.com.br\\\/wp-content\\\/uploads\\\/2026\\\/03\\\/Design-sem-nome-76-scaled.png&quot;}],&quot;background_slideshow_loop&quot;:&quot;yes&quot;,&quot;background_slideshow_slide_duration&quot;:5000,&quot;background_slideshow_slide_transition&quot;:&quot;fade&quot;,&quot;background_slideshow_transition_duration&quot;:500}\">\n\t\t\t\t\t<div class=\"e-con-inner\">\n\t\t\t\t\t<\/div>\n\t\t\t\t<\/div>\n\t\t<div class=\"elementor-element elementor-element-4eb6c9f e-flex e-con-boxed e-con e-parent\" data-id=\"4eb6c9f\" data-element_type=\"container\" data-e-type=\"container\">\n\t\t\t\t\t<div class=\"e-con-inner\">\n\t\t\t\t<div class=\"elementor-element elementor-element-04a482c elementor-widget elementor-widget-spacer\" data-id=\"04a482c\" data-element_type=\"widget\" data-e-type=\"widget\" data-widget_type=\"spacer.default\">\n\t\t\t\t\t\t\t<div class=\"elementor-spacer\">\n\t\t\t<div class=\"elementor-spacer-inner\"><\/div>\n\t\t<\/div>\n\t\t\t\t\t\t<\/div>\n\t\t\t\t\t<\/div>\n\t\t\t\t<\/div>\n\t\t<div class=\"elementor-element elementor-element-bdb3817 e-flex e-con-boxed e-con e-parent\" data-id=\"bdb3817\" data-element_type=\"container\" data-e-type=\"container\">\n\t\t\t\t\t<div class=\"e-con-inner\">\n\t\t<div class=\"elementor-element elementor-element-ca2d1a2 e-con-full e-flex e-con e-child\" data-id=\"ca2d1a2\" data-element_type=\"container\" data-e-type=\"container\">\n\t\t\t\t<div class=\"elementor-element elementor-element-5e68c09 elementor-widget__width-initial elementor-widget elementor-widget-text-editor\" data-id=\"5e68c09\" data-element_type=\"widget\" data-e-type=\"widget\" data-widget_type=\"text-editor.default\">\n\t\t\t\t\t\t\t\t\t<p><span style=\"font-weight: 400;\">A <\/span><b>Lamartine Privil\u00e8ge<\/b><span style=\"font-weight: 400;\"> \u00e9 o bra\u00e7o exclusivo da Lamartine Im\u00f3veis dedicado ao atendimento de clientes com alto poder aquisitivo e investidores que buscam oportunidades diferenciadas no mercado imobili\u00e1rio de Bras\u00edlia. Inspirada nos modelos de atendimento privado das grandes institui\u00e7\u00f5es financeiras, a Privil\u00e8ge oferece uma experi\u00eancia ainda mais personalizada, voltada \u00e0 identifica\u00e7\u00e3o de im\u00f3veis de alto padr\u00e3o nas regi\u00f5es mais valorizadas da capital.<\/span><\/p>\n<p><span style=\"font-weight: 400;\">Mais do que apresentar propriedades, a Lamartine Privil\u00e8ge atua como uma consultoria especializada. Cada cliente \u00e9 acompanhado de forma estrat\u00e9gica, com an\u00e1lise cuidadosa do momento de vida, dos objetivos patrimoniais e das melhores oportunidades do mercado. O processo inclui orienta\u00e7\u00e3o completa sobre negocia\u00e7\u00e3o, financiamento e aspectos jur\u00eddicos, garantindo seguran\u00e7a e tranquilidade em cada decis\u00e3o.<\/span><\/p>\n<p><span style=\"font-weight: 400;\">Com mais de tr\u00eas d\u00e9cadas de experi\u00eancia no mercado imobili\u00e1rio de Bras\u00edlia, a Lamartine Im\u00f3veis construiu uma trajet\u00f3ria baseada em confian\u00e7a, relacionamento e profundo conhecimento do setor. A Lamartine Privil\u00e8ge nasce dessa hist\u00f3ria para oferecer um atendimento ainda mais exclusivo, conectando pessoas a im\u00f3veis que representam n\u00e3o apenas conquistas, mas tamb\u00e9m decis\u00f5es inteligentes de patrim\u00f4nio e qualidade de vida.<\/span><\/p>\n<p><b>Quer conhecer oportunidades exclusivas no mercado de im\u00f3veis de alto padr\u00e3o em Bras\u00edlia?<\/b><\/p>\n<p><b>Fale agora com a equipe da Lamartine Privil\u00e8ge pelo WhatsApp.<\/b><\/p>\t\t\t\t\t\t\t\t<\/div>\n\t\t\t\t<div class=\"elementor-element elementor-element-4d094ae elementor-widget elementor-widget-spacer\" data-id=\"4d094ae\" data-element_type=\"widget\" data-e-type=\"widget\" data-widget_type=\"spacer.default\">\n\t\t\t\t\t\t\t<div class=\"elementor-spacer\">\n\t\t\t<div class=\"elementor-spacer-inner\"><\/div>\n\t\t<\/div>\n\t\t\t\t\t\t<\/div>\n\t\t\t\t<div class=\"elementor-element elementor-element-0b3503e elementor-align-left elementor-widget__width-initial elementor-widget elementor-widget-button\" data-id=\"0b3503e\" data-element_type=\"widget\" data-e-type=\"widget\" data-widget_type=\"button.default\">\n\t\t\t\t\t\t\t\t\t\t<a class=\"elementor-button elementor-button-link elementor-size-sm\" href=\"https:\/\/wa.me\/5561992939797\">\n\t\t\t\t\t\t<span class=\"elementor-button-content-wrapper\">\n\t\t\t\t\t\t<span class=\"elementor-button-icon\">\n\t\t\t\t<svg aria-hidden=\"true\" class=\"e-font-icon-svg e-fab-whatsapp\" viewBox=\"0 0 448 512\" xmlns=\"http:\/\/www.w3.org\/2000\/svg\"><path d=\"M380.9 97.1C339 55.1 283.2 32 223.9 32c-122.4 0-222 99.6-222 222 0 39.1 10.2 77.3 29.6 111L0 480l117.7-30.9c32.4 17.7 68.9 27 106.1 27h.1c122.3 0 224.1-99.6 224.1-222 0-59.3-25.2-115-67.1-157zm-157 341.6c-33.2 0-65.7-8.9-94-25.7l-6.7-4-69.8 18.3L72 359.2l-4.4-7c-18.5-29.4-28.2-63.3-28.2-98.2 0-101.7 82.8-184.5 184.6-184.5 49.3 0 95.6 19.2 130.4 54.1 34.8 34.9 56.2 81.2 56.1 130.5 0 101.8-84.9 184.6-186.6 184.6zm101.2-138.2c-5.5-2.8-32.8-16.2-37.9-18-5.1-1.9-8.8-2.8-12.5 2.8-3.7 5.6-14.3 18-17.6 21.8-3.2 3.7-6.5 4.2-12 1.4-32.6-16.3-54-29.1-75.5-66-5.7-9.8 5.7-9.1 16.3-30.3 1.8-3.7.9-6.9-.5-9.7-1.4-2.8-12.5-30.1-17.1-41.2-4.5-10.8-9.1-9.3-12.5-9.5-3.2-.2-6.9-.2-10.6-.2-3.7 0-9.7 1.4-14.8 6.9-5.1 5.6-19.4 19-19.4 46.3 0 27.3 19.9 53.7 22.6 57.4 2.8 3.7 39.1 59.7 94.8 83.8 35.2 15.2 49 16.5 66.6 13.9 10.7-1.6 32.8-13.4 37.4-26.4 4.6-13 4.6-24.1 3.2-26.4-1.3-2.5-5-3.9-10.5-6.6z\"><\/path><\/svg>\t\t\t<\/span>\n\t\t\t\t\t\t\t\t\t<span class=\"elementor-button-text\">Fale conosco<\/span>\n\t\t\t\t\t<\/span>\n\t\t\t\t\t<\/a>\n\t\t\t\t\t\t\t\t<\/div>\n\t\t\t\t<\/div>\n\t\t\t\t\t<\/div>\n\t\t\t\t<\/div>\n\t\t<div class=\"elementor-element elementor-element-f4685bf e-flex e-con-boxed e-con e-parent\" data-id=\"f4685bf\" data-element_type=\"container\" data-e-type=\"container\">\n\t\t\t\t\t<div class=\"e-con-inner\">\n\t\t\t\t<div class=\"elementor-element elementor-element-641e64e elementor-widget elementor-widget-spacer\" data-id=\"641e64e\" data-element_type=\"widget\" data-e-type=\"widget\" data-widget_type=\"spacer.default\">\n\t\t\t\t\t\t\t<div class=\"elementor-spacer\">\n\t\t\t<div class=\"elementor-spacer-inner\"><\/div>\n\t\t<\/div>\n\t\t\t\t\t\t<\/div>\n\t\t\t\t\t<\/div>\n\t\t\t\t<\/div>\n\t\t<div class=\"elementor-element elementor-element-e2328e0 e-flex e-con-boxed e-con e-parent\" data-id=\"e2328e0\" data-element_type=\"container\" data-e-type=\"container\" data-settings=\"{&quot;background_background&quot;:&quot;slideshow&quot;,&quot;background_slideshow_gallery&quot;:[{&quot;id&quot;:1376,&quot;url&quot;:&quot;https:\\\/\\\/lamartineimoveis.com.br\\\/wp-content\\\/uploads\\\/2026\\\/03\\\/Design-sem-nome-76-scaled.png&quot;}],&quot;background_slideshow_loop&quot;:&quot;yes&quot;,&quot;background_slideshow_slide_duration&quot;:5000,&quot;background_slideshow_slide_transition&quot;:&quot;fade&quot;,&quot;background_slideshow_transition_duration&quot;:500}\">\n\t\t\t\t\t<div class=\"e-con-inner\">\n\t\t\t\t\t<\/div>\n\t\t\t\t<\/div>\n\t\t\t\t<\/div>\n\t\t","protected":false},"excerpt":{"rendered":"<p>Im\u00f3veis \u00fanicos, decis\u00f5es estrat\u00e9gicas. Ver im\u00f3veis A Lamartine Privil\u00e8ge \u00e9 o bra\u00e7o exclusivo da Lamartine Im\u00f3veis dedicado ao atendimento de clientes com alto poder aquisitivo e investidores que buscam oportunidades diferenciadas no mercado imobili\u00e1rio de Bras\u00edlia. Inspirada nos modelos de atendimento privado das grandes institui\u00e7\u00f5es financeiras, a Privil\u00e8ge oferece uma experi\u00eancia ainda mais personalizada, voltada [&hellip;]<\/p>\n","protected":false},"author":1,"featured_media":0,"parent":0,"menu_order":0,"comment_status":"closed","ping_status":"closed","template":"","meta":{"_joinchat":[],"footnotes":""},"class_list":["post-415","page","type-page","status-publish","hentry"],"_links":{"self":[{"href":"https:\/\/lamartineimoveis.com.br\/index.php?rest_route=\/wp\/v2\/pages\/415","targetHints":{"allow":["GET"]}}],"collection":[{"href":"https:\/\/lamartineimoveis.com.br\/index.php?rest_route=\/wp\/v2\/pages"}],"about":[{"href":"https:\/\/lamartineimoveis.com.br\/index.php?rest_route=\/wp\/v2\/types\/page"}],"author":[{"embeddable":true,"href":"https:\/\/lamartineimoveis.com.br\/index.php?rest_route=\/wp\/v2\/users\/1"}],"replies":[{"embeddable":true,"href":"https:\/\/lamartineimoveis.com.br\/index.php?rest_route=%2Fwp%2Fv2%2Fcomments&post=415"}],"version-history":[{"count":44,"href":"https:\/\/lamartineimoveis.com.br\/index.php?rest_route=\/wp\/v2\/pages\/415\/revisions"}],"predecessor-version":[{"id":1700,"href":"https:\/\/lamartineimoveis.com.br\/index.php?rest_route=\/wp\/v2\/pages\/415\/revisions\/1700"}],"wp:attachment":[{"href":"https:\/\/lamartineimoveis.com.br\/index.php?rest_route=%2Fwp%2Fv2%2Fmedia&parent=415"}],"curies":[{"name":"wp","href":"https:\/\/api.w.org\/{rel}","templated":true}]}}